{"id":4037,"date":"2021-10-07T17:37:37","date_gmt":"2021-10-07T17:37:37","guid":{"rendered":"https:\/\/coachtaylorpierre.com\/?page_id=4037"},"modified":"2024-01-31T14:01:12","modified_gmt":"2024-01-31T14:01:12","slug":"policies","status":"publish","type":"page","link":"https:\/\/coachtaylorpierre.com\/fr\/policies\/","title":{"rendered":"Politiques"},"content":{"rendered":"<div data-elementor-type=\"wp-page\" data-elementor-id=\"4037\" class=\"elementor elementor-4037\" data-elementor-post-type=\"page\">\n\t\t\t\t\t\t<section class=\"elementor-section elementor-top-section elementor-element elementor-element-cdf2cd5 elementor-section-boxed elementor-section-height-default elementor-section-height-default\" data-id=\"cdf2cd5\" data-element_type=\"section\" data-e-type=\"section\">\n\t\t\t\t\t\t<div class=\"elementor-container elementor-column-gap-default\">\n\t\t\t\t\t<div class=\"elementor-column elementor-col-100 elementor-top-column elementor-element elementor-element-9d0293d\" data-id=\"9d0293d\" data-element_type=\"column\" data-e-type=\"column\">\n\t\t\t<div class=\"elementor-widget-wrap elementor-element-populated\">\n\t\t\t\t\t\t<div class=\"elementor-element elementor-element-f22e4b6 elementor-widget elementor-widget-text-editor\" data-id=\"f22e4b6\" data-element_type=\"widget\" data-e-type=\"widget\" data-widget_type=\"text-editor.default\">\n\t\t\t\t<div class=\"elementor-widget-container\">\n\t\t\t\t\t\t\t\t\t<h1>Privacy Policy for Life Coach<\/h1><p>Merci de votre visite. <a href=\"https:\/\/coachtaylorpierre.com\/fr\/\" target=\"_new\">https:\/\/coachtaylorpierre.com\/<\/a>Cette politique de confidentialit\u00e9 d\u00e9crit comment nous collectons, utilisons et prot\u00e9geons vos informations.<\/p><p><strong>Les informations que nous collectons :<\/strong> Nous pouvons collecter des informations personnelles telles que votre nom, adresse e-mail et num\u00e9ro de t\u00e9l\u00e9phone afin de fournir des services de coaching et des mises \u00e0 jour pertinentes.<\/p><p><strong>Comment nous utilisons vos informations :<\/strong> Nous utilisons vos informations pour la communication et pour vous envoyer des newsletters, du mat\u00e9riel marketing et promotionnel li\u00e9 \u00e0 nos services de coaching. Vous pouvez vous d\u00e9sabonner \u00e0 tout moment.<\/p><p><strong>Cookies :<\/strong> Nous utilisons des cookies pour am\u00e9liorer votre exp\u00e9rience de navigation. Vous pouvez ajuster les param\u00e8tres de votre navigateur pour d\u00e9sactiver les cookies si vous le souhaitez.<\/p><p><strong>S\u00e9curit\u00e9 :<\/strong> Bien que nous prenions des mesures pour prot\u00e9ger vos informations, aucun moyen de transmission sur Internet n'est totalement s\u00e9curis\u00e9.<\/p><p><strong>Modifications de cette politique :<\/strong> Cette politique est en vigueur \u00e0 partir du [Date]. Nous pouvons la mettre \u00e0 jour, et toute modification sera publi\u00e9e sur cette page.<\/p><p><strong>Contactez-nous<\/strong> Si vous avez des questions, contactez-nous \u00e0 <a target=\"_new\">info@coachtaylorpierre.com<\/a>.<\/p><p>By using our site, you agree to this policy.<\/p>\t\t\t\t\t\t\t\t<\/div>\n\t\t\t\t<\/div>\n\t\t\t\t\t<\/div>\n\t\t<\/div>\n\t\t\t\t\t<\/div>\n\t\t<\/section>\n\t\t\t\t<\/div>","protected":false},"excerpt":{"rendered":"<p>Privacy Policy for Life Coach Thank you for visiting https:\/\/coachtaylorpierre.com\/. This Privacy Policy outlines how we collect, use, and protect your information. Information We Collect: We may collect personal information, such as your name, email address, and phone number, to provide coaching services and relevant updates. How We Use Your Information: We use your information [&hellip;]<\/p>","protected":false},"author":1,"featured_media":0,"parent":0,"menu_order":0,"comment_status":"closed","ping_status":"closed","template":"elementor_header_footer","meta":{"footnotes":""},"class_list":["post-4037","page","type-page","status-publish","hentry"],"_links":{"self":[{"href":"https:\/\/coachtaylorpierre.com\/fr\/wp-json\/wp\/v2\/pages\/4037"}],"collection":[{"href":"https:\/\/coachtaylorpierre.com\/fr\/wp-json\/wp\/v2\/pages"}],"about":[{"href":"https:\/\/coachtaylorpierre.com\/fr\/wp-json\/wp\/v2\/types\/page"}],"author":[{"embeddable":true,"href":"https:\/\/coachtaylorpierre.com\/fr\/wp-json\/wp\/v2\/users\/1"}],"replies":[{"embeddable":true,"href":"https:\/\/coachtaylorpierre.com\/fr\/wp-json\/wp\/v2\/comments?post=4037"}],"version-history":[{"count":5,"href":"https:\/\/coachtaylorpierre.com\/fr\/wp-json\/wp\/v2\/pages\/4037\/revisions"}],"predecessor-version":[{"id":7567,"href":"https:\/\/coachtaylorpierre.com\/fr\/wp-json\/wp\/v2\/pages\/4037\/revisions\/7567"}],"wp:attachment":[{"href":"https:\/\/coachtaylorpierre.com\/fr\/wp-json\/wp\/v2\/media?parent=4037"}],"curies":[{"name":"wp","href":"https:\/\/api.w.org\/{rel}","templated":true}]}}