{"id":6564,"date":"2024-01-28T22:14:09","date_gmt":"2024-01-28T22:14:09","guid":{"rendered":"https:\/\/coachtaylorpierre.com\/?page_id=6564"},"modified":"2024-01-28T22:16:18","modified_gmt":"2024-01-28T22:16:18","slug":"disclaimer","status":"publish","type":"page","link":"https:\/\/coachtaylorpierre.com\/fr\/disclaimer\/","title":{"rendered":"Clause de non-responsabilit\u00e9"},"content":{"rendered":"<div data-elementor-type=\"wp-page\" data-elementor-id=\"6564\" class=\"elementor elementor-6564\" data-elementor-post-type=\"page\">\n\t\t\t\t\t\t<section class=\"elementor-section elementor-top-section elementor-element elementor-element-bc7af62 elementor-section-boxed elementor-section-height-default elementor-section-height-default\" data-id=\"bc7af62\" data-element_type=\"section\" data-e-type=\"section\">\n\t\t\t\t\t\t<div class=\"elementor-container elementor-column-gap-default\">\n\t\t\t\t\t<div class=\"elementor-column elementor-col-100 elementor-top-column elementor-element elementor-element-140f1fe\" data-id=\"140f1fe\" data-element_type=\"column\" data-e-type=\"column\">\n\t\t\t<div class=\"elementor-widget-wrap\">\n\t\t\t\t\t\t\t<\/div>\n\t\t<\/div>\n\t\t\t\t\t<\/div>\n\t\t<\/section>\n\t\t\t\t<section class=\"elementor-section elementor-top-section elementor-element elementor-element-6f58599 elementor-section-boxed elementor-section-height-default elementor-section-height-default\" data-id=\"6f58599\" data-element_type=\"section\" data-e-type=\"section\">\n\t\t\t\t\t\t<div class=\"elementor-container elementor-column-gap-default\">\n\t\t\t\t\t<div class=\"elementor-column elementor-col-100 elementor-top-column elementor-element elementor-element-0ce399d\" data-id=\"0ce399d\" data-element_type=\"column\" data-e-type=\"column\">\n\t\t\t<div class=\"elementor-widget-wrap elementor-element-populated\">\n\t\t\t\t\t\t<div class=\"elementor-element elementor-element-73c2162 elementor-widget elementor-widget-text-editor\" data-id=\"73c2162\" data-element_type=\"widget\" data-e-type=\"widget\" data-widget_type=\"text-editor.default\">\n\t\t\t\t<div class=\"elementor-widget-container\">\n\t\t\t\t\t\t\t\t\t<p><strong>Clause de non-responsabilit\u00e9<\/strong><\/p><p>Les informations fournies sur ce site web sont \u00e0 des fins d'information g\u00e9n\u00e9rale uniquement et ne doivent pas \u00eatre consid\u00e9r\u00e9es comme des conseils professionnels. Je, Taylor Pierre, suis un coach de vie, et le contenu de ce site refl\u00e8te mes perspectives personnelles et ma philosophie de coaching.<\/p><p>Bien que je m'efforce de fournir des informations pr\u00e9cises et \u00e0 jour, je ne fais aucune d\u00e9claration ou garantie d'aucune sorte, expresse ou implicite, quant \u00e0 l'exhaustivit\u00e9, l'exactitude, la fiabilit\u00e9, la pertinence ou la disponibilit\u00e9 des informations, produits, services ou graphiques connexes contenus sur le site web \u00e0 des fins particuli\u00e8res. Toute confiance que vous accordez \u00e0 de telles informations est strictement \u00e0 vos risques et p\u00e9rils.<\/p><p>Le contenu de ce site web ne remplace pas les conseils ou orientations professionnels adapt\u00e9s \u00e0 vos circonstances individuelles. Il est recommand\u00e9 de consulter des professionnels qualifi\u00e9s, tels que des professionnels de la sant\u00e9 mentale, des conseillers financiers ou des experts juridiques, pour des conseils sp\u00e9cifiques \u00e0 votre situation.<\/p><p>Je, Taylor Pierre, ne suis pas responsable de toute perte, blessure ou dommage pouvant r\u00e9sulter de l'utilisation de ce site web ou des informations fournies ici. Votre utilisation du site web et de son contenu est \u00e0 votre discr\u00e9tion et \u00e0 vos risques.<\/p><p>\u00c0 travers ce site web, vous pouvez acc\u00e9der \u00e0 d'autres sites web qui ne sont pas sous mon contr\u00f4le. Je n'ai aucun contr\u00f4le sur la nature, le contenu et la disponibilit\u00e9 de ces sites. L'inclusion de liens n'implique pas n\u00e9cessairement une recommandation ni n'endosse les points de vue exprim\u00e9s \u00e0 l'int\u00e9rieur.<\/p><p>Je me r\u00e9serve le droit de changer, modifier ou supprimer tout contenu sur ce site web sans pr\u00e9avis pr\u00e9alable.<\/p><p>En utilisant ce site web, vous acceptez les termes de cette clause de non-responsabilit\u00e9. Si vous n'\u00eates pas d'accord avec ces termes, veuillez vous abstenir d'utiliser le site web.<\/p>\t\t\t\t\t\t\t\t<\/div>\n\t\t\t\t<\/div>\n\t\t\t\t\t<\/div>\n\t\t<\/div>\n\t\t\t\t\t<\/div>\n\t\t<\/section>\n\t\t\t\t<\/div>","protected":false},"excerpt":{"rendered":"<p>Disclaimer The information provided on this website is for general informational purposes only and should not be considered as professional advice. I, Taylor Pierre, am a life coach, and the content on this site reflects my personal perspectives and coaching philosophy. While I strive to provide accurate and up-to-date information, I make no representations or [&hellip;]<\/p>","protected":false},"author":1,"featured_media":0,"parent":0,"menu_order":0,"comment_status":"closed","ping_status":"closed","template":"elementor_header_footer","meta":{"footnotes":""},"class_list":["post-6564","page","type-page","status-publish","hentry"],"_links":{"self":[{"href":"https:\/\/coachtaylorpierre.com\/fr\/wp-json\/wp\/v2\/pages\/6564"}],"collection":[{"href":"https:\/\/coachtaylorpierre.com\/fr\/wp-json\/wp\/v2\/pages"}],"about":[{"href":"https:\/\/coachtaylorpierre.com\/fr\/wp-json\/wp\/v2\/types\/page"}],"author":[{"embeddable":true,"href":"https:\/\/coachtaylorpierre.com\/fr\/wp-json\/wp\/v2\/users\/1"}],"replies":[{"embeddable":true,"href":"https:\/\/coachtaylorpierre.com\/fr\/wp-json\/wp\/v2\/comments?post=6564"}],"version-history":[{"count":5,"href":"https:\/\/coachtaylorpierre.com\/fr\/wp-json\/wp\/v2\/pages\/6564\/revisions"}],"predecessor-version":[{"id":6571,"href":"https:\/\/coachtaylorpierre.com\/fr\/wp-json\/wp\/v2\/pages\/6564\/revisions\/6571"}],"wp:attachment":[{"href":"https:\/\/coachtaylorpierre.com\/fr\/wp-json\/wp\/v2\/media?parent=6564"}],"curies":[{"name":"wp","href":"https:\/\/api.w.org\/{rel}","templated":true}]}}