{"id":7509,"date":"2024-01-31T10:55:35","date_gmt":"2024-01-31T10:55:35","guid":{"rendered":"https:\/\/coachtaylorpierre.com\/?page_id=7509"},"modified":"2024-01-31T11:04:14","modified_gmt":"2024-01-31T11:04:14","slug":"guidelines-policies","status":"publish","type":"page","link":"https:\/\/coachtaylorpierre.com\/fr\/guidelines-policies\/","title":{"rendered":"Guidelines &#038; Policies"},"content":{"rendered":"<div data-elementor-type=\"wp-page\" data-elementor-id=\"7509\" class=\"elementor elementor-7509\" data-elementor-post-type=\"page\">\n\t\t\t\t\t\t<section class=\"elementor-section elementor-top-section elementor-element elementor-element-ba3764b elementor-section-boxed elementor-section-height-default elementor-section-height-default\" data-id=\"ba3764b\" data-element_type=\"section\" data-e-type=\"section\">\n\t\t\t\t\t\t<div class=\"elementor-container elementor-column-gap-default\">\n\t\t\t\t\t<div class=\"elementor-column elementor-col-100 elementor-top-column elementor-element elementor-element-8f89a1f\" data-id=\"8f89a1f\" data-element_type=\"column\" data-e-type=\"column\">\n\t\t\t<div class=\"elementor-widget-wrap elementor-element-populated\">\n\t\t\t\t\t\t<div class=\"elementor-element elementor-element-240aba2 elementor-widget elementor-widget-text-editor\" data-id=\"240aba2\" data-element_type=\"widget\" data-e-type=\"widget\" data-widget_type=\"text-editor.default\">\n\t\t\t\t<div class=\"elementor-widget-container\">\n\t\t\t\t\t\t\t\t\t<p><strong>Directives et politiques de l'\u00e9mission de discussion :<\/strong><\/p><p><strong>D\u00e9charge de responsabilit\u00e9 :<\/strong> Les participants comprennent et acceptent de lib\u00e9rer les organisateurs de l'\u00e9mission de discussion, leurs soci\u00e9t\u00e9s affili\u00e9es et toute entit\u00e9 associ\u00e9e de toute responsabilit\u00e9, r\u00e9clamation ou dommage d\u00e9coulant de leur participation \u00e0 l'\u00e9mission de discussion. Cela inclut, sans s'y limiter, la d\u00e9tresse \u00e9motionnelle, les dommages \u00e0 la r\u00e9putation ou toute cons\u00e9quence impr\u00e9vue r\u00e9sultant du partage public de leurs histoires.<\/p><p><strong>Reconnaissance de participation volontaire : \u2013<\/strong> La participation \u00e0 l'\u00e9mission de discussion est enti\u00e8rement volontaire, et les participants assument volontairement tous les risques associ\u00e9s. En s'engageant dans le processus de l'\u00e9mission de discussion, les participants reconnaissent qu'ils ne sont soumis \u00e0 aucune obligation et participent de leur plein gr\u00e9.<\/p><p><strong>Aucune garantie ni assurance : <\/strong>Les organisateurs de l'\u00e9mission de discussion ne fournissent aucune garantie ni assurance concernant l'issue du partage des histoires des participants, y compris la r\u00e9ception publique, l'engagement de l'audience ou tout impact ult\u00e9rieur. Les participants reconnaissent les incertitudes inh\u00e9rentes associ\u00e9es \u00e0 l'exposition publique.<\/p><p><strong>Prise de d\u00e9cision ind\u00e9pendante :<\/strong> Les participants affirment avoir pris ind\u00e9pendamment la d\u00e9cision de partager leurs histoires et ne sont soumis \u00e0 aucune influence indue ou coercition. Ils ont eu la possibilit\u00e9 de solliciter des conseils juridiques ou professionnels avant de s'engager \u00e0 participer.<\/p><p><strong>Lib\u00e9ration des droits<\/strong>Les participants accordent aux organisateurs de l'\u00e9mission de discussion le droit d'utiliser, de reproduire et de distribuer le contenu conform\u00e9ment aux termes convenus. Cette autorisation s'\u00e9tend \u00e0 toutes les formes de m\u00e9dias, y compris, mais sans s'y limiter, la t\u00e9l\u00e9vision, la radio, les plateformes en ligne et les m\u00e9dias sociaux.<\/p><p><strong>Indemnisation :<\/strong> Les participants acceptent d'indemniser et de d\u00e9gager de toute responsabilit\u00e9 les organisateurs de l'\u00e9mission de discussion contre toute r\u00e9clamation, demande ou action de tiers d\u00e9coulant de leur participation. Cela inclut les frais juridiques et les co\u00fbts engag\u00e9s par les organisateurs pour se d\u00e9fendre contre de telles r\u00e9clamations.<\/p><p><strong>Reconnaissance de compr\u00e9hension : <\/strong>En participant \u00e0 l'\u00e9mission de discussion, les participants reconnaissent avoir lu et compris pleinement les termes de cette d\u00e9charge de responsabilit\u00e9. Ils reconnaissent \u00e9galement avoir eu l'opportunit\u00e9 de solliciter des conseils juridiques ou des \u00e9claircissements sur tout aspect de la d\u00e9charge.<\/p><p><strong>R\u00e9vocation du consentement :<\/strong> Les participants ont le droit de r\u00e9voquer leur consentement \u00e0 tout moment avant que le contenu ne soit diffus\u00e9 ou publi\u00e9. Dans de tels cas, les organisateurs de l'\u00e9mission de discussion feront des efforts raisonnables pour respecter les souhaits des participants, bien que certaines limitations puissent s'appliquer.<\/p><p>Ces clauses de d\u00e9charge de responsabilit\u00e9 sont incluses pour garantir que les participants sont pleinement conscients des risques potentiels associ\u00e9s au partage de leurs histoires et qu'ils assument volontairement la responsabilit\u00e9 des cons\u00e9quences. Il est recommand\u00e9 aux participants d'examiner attentivement ces termes et de solliciter des conseils juridiques si n\u00e9cessaire avant d'y consentir.<\/p>\t\t\t\t\t\t\t\t<\/div>\n\t\t\t\t<\/div>\n\t\t\t\t\t<\/div>\n\t\t<\/div>\n\t\t\t\t\t<\/div>\n\t\t<\/section>\n\t\t\t\t<\/div>","protected":false},"excerpt":{"rendered":"<p>Talkshow Guidelines &amp; Policies: Liability Release: &#8211; Participants understand and agree to release the talk show organizers, their affiliates, and any associated entities from any liability, claims, or damages arising from their participation in the talk show. This includes, but is not limited to, emotional distress, reputational harm, or any unforeseen consequences resulting from the [&hellip;]<\/p>","protected":false},"author":1,"featured_media":0,"parent":0,"menu_order":0,"comment_status":"closed","ping_status":"closed","template":"elementor_header_footer","meta":{"footnotes":""},"class_list":["post-7509","page","type-page","status-publish","hentry"],"_links":{"self":[{"href":"https:\/\/coachtaylorpierre.com\/fr\/wp-json\/wp\/v2\/pages\/7509"}],"collection":[{"href":"https:\/\/coachtaylorpierre.com\/fr\/wp-json\/wp\/v2\/pages"}],"about":[{"href":"https:\/\/coachtaylorpierre.com\/fr\/wp-json\/wp\/v2\/types\/page"}],"author":[{"embeddable":true,"href":"https:\/\/coachtaylorpierre.com\/fr\/wp-json\/wp\/v2\/users\/1"}],"replies":[{"embeddable":true,"href":"https:\/\/coachtaylorpierre.com\/fr\/wp-json\/wp\/v2\/comments?post=7509"}],"version-history":[{"count":5,"href":"https:\/\/coachtaylorpierre.com\/fr\/wp-json\/wp\/v2\/pages\/7509\/revisions"}],"predecessor-version":[{"id":7532,"href":"https:\/\/coachtaylorpierre.com\/fr\/wp-json\/wp\/v2\/pages\/7509\/revisions\/7532"}],"wp:attachment":[{"href":"https:\/\/coachtaylorpierre.com\/fr\/wp-json\/wp\/v2\/media?parent=7509"}],"curies":[{"name":"wp","href":"https:\/\/api.w.org\/{rel}","templated":true}]}}